{"id":56,"date":"2021-04-08T19:08:54","date_gmt":"2021-04-08T19:08:54","guid":{"rendered":"https:\/\/babatszeretnenk.hu\/?post_type=product&#038;p=56"},"modified":"2025-12-01T10:10:43","modified_gmt":"2025-12-01T10:10:43","slug":"fer14-extra-1-darabos-kiszereles","status":"publish","type":"product","link":"https:\/\/babatszeretnenk.hu\/en\/product\/fer14-extra-1-darabos-kiszereles\/","title":{"rendered":"FER14 EXTRA\u00ae\u00a0 \u2013 1 darabos kiszerel\u00e9s"},"content":{"rendered":"<ul>\n<li>14 f\u00e9le, a h\u00edmivarsejtek k\u00e9pz\u00e9s\u00e9ben, fejl\u0151d\u00e9s\u00e9ben, \u00e9s m\u0171k\u00f6d\u0151k\u00e9pess\u00e9g\u00e9nek fenntart\u00e1s\u00e1ban ismerten szerepet j\u00e1tsz\u00f3 hat\u00f3anyagot tartalmaz koncentr\u00e1lt form\u00e1ban<\/li>\n<li>A FER14 EXTRA<sup><small>\u00ae<\/small><\/sup>\u00a0rendk\u00edv\u00fcl egyszer\u0171v\u00e9 teszi sokf\u00e9le \u00e9s nagy mennyis\u00e9g\u0171 hat\u00f3anyag egyidej\u0171 bevitel\u00e9t a szervezetbe<\/li>\n<li>A f\u00e9rfiak sz\u00e1m\u00e1ra kifejlesztett \u00e9trend-kieg\u00e9sz\u00edt\u0151k k\u00f6z\u00fcl egyedi k\u00e9sz\u00edtm\u00e9nyk\u00e9nt egy tablett\u00e1ban tartalmazza \u2013 t\u00f6bbek k\u00f6z\u00f6tt \u2013 az antioxid\u00e1nsk\u00e9nt is szerepet j\u00e1tsz\u00f3 aminosavat, a taurint, a spermiumok k\u00e9pz\u00e9s\u00e9ben \u00e9s \u00e9r\u00e9s\u00e9ben is szerepet j\u00e1tsz\u00f3 arginint, az antioxid\u00e1ns hat\u00e1s\u00fa \u00e9s egyben a h\u00edmivarsejtek k\u00e9pz\u00e9s\u00e9ben \u00e9s \u00e9r\u00e9s\u00e9ben is szerepet j\u00e1tsz\u00f3 koenzim Q10-et is. Mindezek mellett nagy mennyis\u00e9gben E-vitamin, C- \u00e9s B-vitaminok, D3-vitamin, Karnitin, Beta-karotin, Magn\u00e9zium, Cink, Szel\u00e9n \u00e9s Folsav is megtal\u00e1lhat\u00f3 a k\u00e9sz\u00edtm\u00e9nyben.<\/li>\n<li>Magyarorsz\u00e1gon, ellen\u0151rz\u00f6tt k\u00f6r\u00fclm\u00e9nyek k\u00f6z\u00f6tt gy\u00e1rtott magyar fejleszt\u00e9s\u0171 term\u00e9k.<\/li>\n<\/ul>","protected":false},"excerpt":{"rendered":"<p>NAPI ADAG TARTALMA:<\/p>\n<table>\n<tbody>\n<tr>\n<td rowspan=\"2\">Taurin<br \/>\nMagnezium<br \/>\nKarnitin<br \/>\nArginin<br \/>\nC-vitamin<br \/>\nE-vitamin<br \/>\nD3 vitamin<br \/>\nKoenzim Q10<br \/>\nCink<br \/>\nBeta karotin<br \/>\nB6-vitamin<br \/>\nFolsav<br \/>\nSzel\u00e9n<br \/>\nB12-vitamin<\/td>\n<td rowspan=\"2\">250 mg<br \/>\n200 mg<br \/>\n200 mg<br \/>\n150 mg<br \/>\n120 mg<br \/>\n100,67 mg<br \/>\n25 \u00b5g<br \/>\n10 mg<br \/>\n14 mg<br \/>\n3,6 mg<br \/>\n1,5 mg<br \/>\n400 \u00b5g<br \/>\n35 \u00b5g<br \/>\n2,5 \u00b5g<\/td>\n<\/tr>\n<\/tbody>\n<\/table>","protected":false},"featured_media":20,"comment_status":"open","ping_status":"closed","template":"","meta":[],"product_brand":[],"product_cat":[15],"product_tag":[],"class_list":{"0":"post-56","1":"product","2":"type-product","3":"status-publish","4":"has-post-thumbnail","6":"product_cat-egyeb","7":"product_shipping_class-normal-szallitas","9":"first","10":"instock","11":"sale","12":"shipping-taxable","13":"purchasable","14":"product-type-simple"},"_links":{"self":[{"href":"https:\/\/babatszeretnenk.hu\/en\/wp-json\/wp\/v2\/product\/56","targetHints":{"allow":["GET"]}}],"collection":[{"href":"https:\/\/babatszeretnenk.hu\/en\/wp-json\/wp\/v2\/product"}],"about":[{"href":"https:\/\/babatszeretnenk.hu\/en\/wp-json\/wp\/v2\/types\/product"}],"replies":[{"embeddable":true,"href":"https:\/\/babatszeretnenk.hu\/en\/wp-json\/wp\/v2\/comments?post=56"}],"wp:featuredmedia":[{"embeddable":true,"href":"https:\/\/babatszeretnenk.hu\/en\/wp-json\/wp\/v2\/media\/20"}],"wp:attachment":[{"href":"https:\/\/babatszeretnenk.hu\/en\/wp-json\/wp\/v2\/media?parent=56"}],"wp:term":[{"taxonomy":"product_brand","embeddable":true,"href":"https:\/\/babatszeretnenk.hu\/en\/wp-json\/wp\/v2\/product_brand?post=56"},{"taxonomy":"product_cat","embeddable":true,"href":"https:\/\/babatszeretnenk.hu\/en\/wp-json\/wp\/v2\/product_cat?post=56"},{"taxonomy":"product_tag","embeddable":true,"href":"https:\/\/babatszeretnenk.hu\/en\/wp-json\/wp\/v2\/product_tag?post=56"}],"curies":[{"name":"wp","href":"https:\/\/api.w.org\/{rel}","templated":true}]}}