{"id":2729,"date":"2022-01-31T08:54:06","date_gmt":"2022-01-31T08:54:06","guid":{"rendered":"https:\/\/babatszeretnenk.hu\/?post_type=product&#038;p=2729"},"modified":"2025-12-01T10:11:04","modified_gmt":"2025-12-01T10:11:04","slug":"babatervezo-csomag","status":"publish","type":"product","link":"https:\/\/babatszeretnenk.hu\/en\/product\/babatervezo-csomag\/","title":{"rendered":"FER14 EXTRA\u00ae babatervez\u0151 csomag"},"content":{"rendered":"","protected":false},"excerpt":{"rendered":"<p>A csomagot kifejezetten \u00fagy \u00e1ll\u00edtottuk \u00f6ssze, hogy elegend\u0151 mennyis\u00e9gben tartalmazza azokat a term\u00e9keinket, amelyekre sz\u00fcks\u00e9getek lehet a Babaprojekt alatt!<\/p>\n<p><strong>A csomag tartalma:<\/strong><\/p>\n<p>3 doboz FER14 EXTRA<sup>\u00ae<\/sup> \u2013 \u00c9TRENDKIEG\u00c9SZ\u00cdT\u0150 TABLETTA A H\u00cdMIVARSEJTEK M\u0170K\u00d6D\u00c9S\u00c9NEK T\u00c1MOGAT\u00c1S\u00c1RA<\/p>\n<p>2 db D\u00c1VID TERHESS\u00c9GI TESZT \u2013 MAGAS \u00c9RZ\u00c9KENYS\u00c9G\u0170<\/p>\n<p>3 db D\u00c1VID OVUL\u00c1CI\u00d3S TESZT<\/p>","protected":false},"featured_media":3576,"comment_status":"open","ping_status":"closed","template":"","meta":[],"product_brand":[],"product_cat":[15],"product_tag":[],"class_list":{"0":"post-2729","1":"product","2":"type-product","3":"status-publish","4":"has-post-thumbnail","6":"product_cat-egyeb","8":"first","9":"instock","10":"sale","11":"shipping-taxable","12":"purchasable","13":"product-type-simple"},"_links":{"self":[{"href":"https:\/\/babatszeretnenk.hu\/en\/wp-json\/wp\/v2\/product\/2729","targetHints":{"allow":["GET"]}}],"collection":[{"href":"https:\/\/babatszeretnenk.hu\/en\/wp-json\/wp\/v2\/product"}],"about":[{"href":"https:\/\/babatszeretnenk.hu\/en\/wp-json\/wp\/v2\/types\/product"}],"replies":[{"embeddable":true,"href":"https:\/\/babatszeretnenk.hu\/en\/wp-json\/wp\/v2\/comments?post=2729"}],"wp:featuredmedia":[{"embeddable":true,"href":"https:\/\/babatszeretnenk.hu\/en\/wp-json\/wp\/v2\/media\/3576"}],"wp:attachment":[{"href":"https:\/\/babatszeretnenk.hu\/en\/wp-json\/wp\/v2\/media?parent=2729"}],"wp:term":[{"taxonomy":"product_brand","embeddable":true,"href":"https:\/\/babatszeretnenk.hu\/en\/wp-json\/wp\/v2\/product_brand?post=2729"},{"taxonomy":"product_cat","embeddable":true,"href":"https:\/\/babatszeretnenk.hu\/en\/wp-json\/wp\/v2\/product_cat?post=2729"},{"taxonomy":"product_tag","embeddable":true,"href":"https:\/\/babatszeretnenk.hu\/en\/wp-json\/wp\/v2\/product_tag?post=2729"}],"curies":[{"name":"wp","href":"https:\/\/api.w.org\/{rel}","templated":true}]}}